{"id":225,"date":"2017-02-24T19:25:05","date_gmt":"2017-02-24T18:25:05","guid":{"rendered":"http:\/\/wernerkaiser.com\/pictureartwork\/hp-wp\/?page_id=225"},"modified":"2021-04-19T23:37:11","modified_gmt":"2021-04-19T21:37:11","slug":"schwerpunkte","status":"publish","type":"page","link":"https:\/\/wernerkaiser.com\/pictureartwork\/hp-wp\/schwerpunkte\/","title":{"rendered":"Schwerpunkte"},"content":{"rendered":"<p><strong>Pressefotografie, Sportfotografie, Fotografie und Bildbearbeitung<\/strong><\/p>\n<p>Pressefotografie (z. B. Hildesh. Allg. Zeitung u.a.) f\u00fcr alle Redaktionen<br \/>\nf\u00fcr Sport, Events, Reportagen, Interviewsituationen, Lokales, Kultur<\/p>\n<p>Fotoaufnahmen f\u00fcr Firmen oder Agenturen f\u00fcr \u00d6ffentlichkeitsarbeit,<br \/>\nWerbung, Internet, Flyer.<\/p>\n<p>Fotoaufnahmen f\u00fcr Freiberufler, K\u00fcnstler, Institutionen oder Vereine<br \/>\nf\u00fcr Pressearbeit, Werbung, Internet, Flyer.<\/p>\n<p>Businessfotos f\u00fcr die pers\u00f6nliche berufliche Pr\u00e4sentation.<br \/>\nFotos f\u00fcr Bewerbung, Internetportale, Vistenkarten.<\/p>\n<p>Portraitfotografie im Studio oder vor Ort (OnLocation).<\/p>\n<p>Freie Arbeiten im Bereich Fotografie und Artwork (Bild-Composings)<\/p>\n<p><strong>Spezielle Schwerpunkte:<\/strong><\/p>\n<p>Ich arbeite gern mit Personen, die eigene anspruchsvolle<br \/>\nVorstellung haben, die es umzusetzen gilt.<\/p>\n<p>Und ich arbeite auch gern mit Personen, die eher ungern vor der Kamera<br \/>\nstehen und trotzdem sch\u00f6ne und aussagekr\u00e4ftige Bilder von sich haben m\u00f6chten oder brauchen.<\/p>\n<p><strong>Hin und wieder bearbeite ich Auftr\u00e4ge den Bereichen:<\/strong><\/p>\n<p>I. Grafik<\/p>\n<p>Gestaltung von Flyern und anderen Druckerzeugnissen f\u00fcr Freiberufler, Vereine und Firmen.<br \/>\n(z.B. Hair &amp; Styling, Elke Mahnke, Modedesign Joana Gierga).<\/p>\n<p>II. Webdesign<\/p>\n<p>Gestaltung und Erstellung von Internetseiten f\u00fcr Freiberufler, Vereine, Firmen<br \/>\ngebe ich gern an befreundete Partner ab.<\/p>\n","protected":false},"excerpt":{"rendered":"<p>Pressefotografie, Sportfotografie, Fotografie und Bildbearbeitung Pressefotografie (z. B. Hildesh. Allg. Zeitung u.a.) f\u00fcr alle Redaktionen f\u00fcr Sport, Events, Reportagen, Interviewsituationen, Lokales, Kultur Fotoaufnahmen f\u00fcr Firmen oder Agenturen f\u00fcr \u00d6ffentlichkeitsarbeit, Werbung, Internet, Flyer. Fotoaufnahmen f\u00fcr Freiberufler, K\u00fcnstler, Institutionen oder Vereine f\u00fcr Pressearbeit, Werbung, Internet, Flyer. Businessfotos f\u00fcr die pers\u00f6nliche berufliche Pr\u00e4sentation. Fotos f\u00fcr Bewerbung, Internetportale, Vistenkarten. [&hellip;]<\/p>\n","protected":false},"author":3,"featured_media":0,"parent":0,"menu_order":0,"comment_status":"closed","ping_status":"closed","template":"","meta":{"ngg_post_thumbnail":0,"footnotes":""},"class_list":["post-225","page","type-page","status-publish","hentry"],"_links":{"self":[{"href":"https:\/\/wernerkaiser.com\/pictureartwork\/hp-wp\/wp-json\/wp\/v2\/pages\/225","targetHints":{"allow":["GET"]}}],"collection":[{"href":"https:\/\/wernerkaiser.com\/pictureartwork\/hp-wp\/wp-json\/wp\/v2\/pages"}],"about":[{"href":"https:\/\/wernerkaiser.com\/pictureartwork\/hp-wp\/wp-json\/wp\/v2\/types\/page"}],"author":[{"embeddable":true,"href":"https:\/\/wernerkaiser.com\/pictureartwork\/hp-wp\/wp-json\/wp\/v2\/users\/3"}],"replies":[{"embeddable":true,"href":"https:\/\/wernerkaiser.com\/pictureartwork\/hp-wp\/wp-json\/wp\/v2\/comments?post=225"}],"version-history":[{"count":6,"href":"https:\/\/wernerkaiser.com\/pictureartwork\/hp-wp\/wp-json\/wp\/v2\/pages\/225\/revisions"}],"predecessor-version":[{"id":3091,"href":"https:\/\/wernerkaiser.com\/pictureartwork\/hp-wp\/wp-json\/wp\/v2\/pages\/225\/revisions\/3091"}],"wp:attachment":[{"href":"https:\/\/wernerkaiser.com\/pictureartwork\/hp-wp\/wp-json\/wp\/v2\/media?parent=225"}],"curies":[{"name":"wp","href":"https:\/\/api.w.org\/{rel}","templated":true}]}}