{"id":248,"date":"2017-02-24T20:19:23","date_gmt":"2017-02-24T19:19:23","guid":{"rendered":"http:\/\/wernerkaiser.com\/pictureartwork\/hp-wp\/?page_id=248"},"modified":"2021-04-20T00:06:07","modified_gmt":"2021-04-19T22:06:07","slug":"preise","status":"publish","type":"page","link":"https:\/\/wernerkaiser.com\/pictureartwork\/hp-wp\/preise\/","title":{"rendered":"Preise"},"content":{"rendered":"<p><strong>Honorar\u00fcbersicht \/ Termine<\/strong><\/p>\n<p><strong>Honorar\u00fcbersicht<\/strong><\/p>\n<p>Honorar und Preise f\u00fcr Nutzungrechte auf Anfrage.<\/p>\n<p>Alle Preise incl. gesetzl. Mehrwertsteuer. Alle Preisangaben unverbindlich \/ Irrt\u00fcmer vorbehalten.<\/p>\n<p><img loading=\"lazy\" decoding=\"async\" class=\"alignnone size-full wp-image-249\" src=\"https:\/\/wernerkaiser.com\/pictureartwork\/hp-wp\/wp-content\/uploads\/sumup-ec-250-px.png\" alt=\"Kartenzahlung\" width=\"250\" height=\"41\"><\/p>\n<p><strong>Termine nur nach Vereinbarung <\/strong>(Fotoaufnahmen im Studio sind zur Zeit nicht m\u00f6glich.)<strong><br \/>\n<\/strong><\/p>\n<p>Termine f\u00fcr Fotoaufnahmen erhalten Sie nach Vereinbarung.<br \/>\nTerminvereinbarungen sind je nach Auslastung auch kurzfristig m\u00f6glich.<\/p>\n<p>Sie erreichen mich telefonisch: 05121-303072 oder 0179-4688642<\/p>\n<p>&nbsp;<\/p>\n","protected":false},"excerpt":{"rendered":"<p>Honorar\u00fcbersicht \/ Termine Honorar\u00fcbersicht Honorar und Preise f\u00fcr Nutzungrechte auf Anfrage. Alle Preise incl. gesetzl. Mehrwertsteuer. Alle Preisangaben unverbindlich \/ Irrt\u00fcmer vorbehalten. Termine nur nach Vereinbarung (Fotoaufnahmen im Studio sind zur Zeit nicht m\u00f6glich.) Termine f\u00fcr Fotoaufnahmen erhalten Sie nach Vereinbarung. Terminvereinbarungen sind je nach Auslastung auch kurzfristig m\u00f6glich. Sie erreichen mich telefonisch: 05121-303072 oder [&hellip;]<\/p>\n","protected":false},"author":3,"featured_media":0,"parent":0,"menu_order":0,"comment_status":"closed","ping_status":"closed","template":"","meta":{"ngg_post_thumbnail":0,"footnotes":""},"class_list":["post-248","page","type-page","status-publish","hentry"],"_links":{"self":[{"href":"https:\/\/wernerkaiser.com\/pictureartwork\/hp-wp\/wp-json\/wp\/v2\/pages\/248","targetHints":{"allow":["GET"]}}],"collection":[{"href":"https:\/\/wernerkaiser.com\/pictureartwork\/hp-wp\/wp-json\/wp\/v2\/pages"}],"about":[{"href":"https:\/\/wernerkaiser.com\/pictureartwork\/hp-wp\/wp-json\/wp\/v2\/types\/page"}],"author":[{"embeddable":true,"href":"https:\/\/wernerkaiser.com\/pictureartwork\/hp-wp\/wp-json\/wp\/v2\/users\/3"}],"replies":[{"embeddable":true,"href":"https:\/\/wernerkaiser.com\/pictureartwork\/hp-wp\/wp-json\/wp\/v2\/comments?post=248"}],"version-history":[{"count":9,"href":"https:\/\/wernerkaiser.com\/pictureartwork\/hp-wp\/wp-json\/wp\/v2\/pages\/248\/revisions"}],"predecessor-version":[{"id":3099,"href":"https:\/\/wernerkaiser.com\/pictureartwork\/hp-wp\/wp-json\/wp\/v2\/pages\/248\/revisions\/3099"}],"wp:attachment":[{"href":"https:\/\/wernerkaiser.com\/pictureartwork\/hp-wp\/wp-json\/wp\/v2\/media?parent=248"}],"curies":[{"name":"wp","href":"https:\/\/api.w.org\/{rel}","templated":true}]}}