{"id":2931,"date":"2018-05-18T14:23:54","date_gmt":"2018-05-18T12:23:54","guid":{"rendered":"http:\/\/wernerkaiser.com\/pictureartwork\/hp-wp\/?page_id=2931"},"modified":"2018-05-18T14:30:37","modified_gmt":"2018-05-18T12:30:37","slug":"datenschutzerklaerung","status":"publish","type":"page","link":"https:\/\/wernerkaiser.com\/pictureartwork\/hp-wp\/datenschutzerklaerung\/","title":{"rendered":"Datenschutzerkl\u00e4rung"},"content":{"rendered":"<p><b>Datenschutzerkl\u00e4rung<\/b><\/p>\n<p>Die Betreiber dieser Seiten nehmen den Schutz Ihrer pers\u00f6nlichen Daten sehr ernst. Wir behandeln Ihre personenbezogenen Daten vertraulich und entsprechend der gesetzlichen Datenschutzvorschriften sowie dieser Datenschutzerkl\u00e4rung.<\/p>\n<p>Die Nutzung unserer Webseite ist in der Regel ohne Angabe personenbezogener Daten m\u00f6glich. Soweit auf unseren Seiten personenbezogene Daten (beispielsweise Name, Anschrift oder E-Mail-Adressen) erhoben werden, erfolgt dies, soweit m\u00f6glich, stets auf freiwilliger Basis. Diese Daten werden ohne Ihre ausdr\u00fcckliche Zustimmung nicht an Dritte weitergegeben.<\/p>\n<p>Wir weisen darauf hin, dass die Daten\u00fcbertragung im Internet (z.B. bei der Kommunikation per E-Mail) Sicherheitsl\u00fccken aufweisen kann. Ein l\u00fcckenloser Schutz der Daten vor dem Zugriff durch Dritte ist nicht m\u00f6glich.<\/p>\n<p><b>Auskunft, L\u00f6schung, Sperrung<\/b><\/p>\n<p>Sie haben jederzeit das Recht auf unentgeltliche Auskunft \u00fcber Ihre gespeicherten personenbezogenen Daten, deren Herkunft und Empf\u00e4nger und den Zweck der Datenverarbeitung sowie ein Recht auf Berichtigung, Sperrung oder L\u00f6schung dieser Daten. Hierzu sowie zu weiteren Fragen zum Thema personenbezogene Daten k\u00f6nnen Sie sich jederzeit unter der im Impressum angegebenen Adresse an uns wenden.<\/p>\n<p><b>Widerspruch Werbe-Mails<\/b><\/p>\n<p>Der Nutzung von im Rahmen der Impressumspflicht ver\u00f6ffentlichten Kontaktdaten zur \u00dcbersendung von nicht ausdr\u00fccklich angeforderter Werbung und Informationsmaterialien wird hiermit widersprochen. Die Betreiber der Seiten behalten sich ausdr\u00fccklich rechtliche Schritte im Falle der unverlangten Zusendung von Werbeinformationen, etwa durch Spam-E-Mails, vor.<\/p>\n<p><b>Einbindung von Diensten und Inhalten Dritter<\/b><\/p>\n<p>Es kann vorkommen, dass innerhalb dieses Onlineangebotes Inhalte Dritter, wie zum Beispiel Videos von YouTube, Kartenmaterial von Google-Maps, RSS-Feeds oder Grafiken von anderen Webseiten eingebunden werden. Dies setzt immer voraus, dass die Anbieter dieser Inhalte (nachfolgend bezeichnet als \u201eDritt-Anbieter\u201c) die IP-Adresse der Nutzer wahr nehmen. Denn ohne die IP-Adresse, k\u00f6nnten sie die Inhalte nicht an den Browser des jeweiligen Nutzers senden. Die IP-Adresse ist damit f\u00fcr die Darstellung dieser Inhalte erforderlich. Wir bem\u00fchen uns nur solche Inhalte zu verwenden, deren jeweilige Anbieter die IP-Adresse lediglich zur Auslieferung der Inhalte verwenden. Jedoch haben wir keinen Einfluss darauf, falls die Dritt-Anbieter die IP-Adresse z.B. f\u00fcr statistische Zwecke speichern. Soweit dies uns bekannt ist, kl\u00e4ren wir die Nutzer dar\u00fcber auf.<\/p>\n<p><b>Cookies<\/b><\/p>\n<p>Die Internetseiten verwenden teilweise so genannte Cookies. Cookies richten auf Ihrem Rechner keinen Schaden an und enthalten keine Viren. Cookies dienen dazu, unser Angebot nutzerfreundlicher, effektiver und sicherer zu machen. Cookies sind kleine Textdateien, die auf Ihrem Rechner abgelegt werden und die Ihr Browser speichert.<\/p>\n<p>Die meisten der von uns verwendeten Cookies sind so genannte \u201eSession-Cookies\u201c. Sie werden nach Ende Ihres Besuchs automatisch gel\u00f6scht. Andere Cookies bleiben auf Ihrem Endger\u00e4t gespeichert, bis Sie diese l\u00f6schen. Diese Cookies erm\u00f6glichen es uns, Ihren Browser beim n\u00e4chsten Besuch wiederzuerkennen.<\/p>\n<p>Sie k\u00f6nnen Ihren Browser so einstellen, dass Sie \u00fcber das Setzen von Cookies informiert werden und Cookies nur im Einzelfall erlauben, die Annahme von Cookies f\u00fcr bestimmte F\u00e4lle oder generell ausschlie\u00dfen sowie das automatische L\u00f6schen der Cookies beim Schlie\u00dfen des Browser aktivieren. Bei der Deaktivierung von Cookies kann die Funktionalit\u00e4t dieser Website eingeschr\u00e4nkt sein.<\/p>\n<p><b>Server-Log-Files<\/b><\/p>\n<p>Der Provider der Seiten erhebt und speichert automatisch Informationen in so genannten Server-Log Files, die Ihr Browser automatisch an uns \u00fcbermittelt. Dies sind: Browsertyp und Browserversion, verwendetes Betriebssystem, Referrer URL, Hostname des zugreifenden Rechners, Uhrzeit der Serveranfrage<\/p>\n<p>Diese Daten sind nicht bestimmten Personen zuordenbar. Eine Zusammenf\u00fchrung dieser Daten mit anderen Datenquellen wird nicht vorgenommen. Wir behalten uns vor, diese Daten nachtr\u00e4glich zu pr\u00fcfen, wenn uns konkrete Anhaltspunkte f\u00fcr eine rechtswidrige Nutzung bekannt werden.<\/p>\n<p><b>Datenschutzerkl\u00e4rung f\u00fcr die Nutzung von Google Web Fonts<\/b><\/p>\n<p>Auf dieser Website sind Google Web Fonts implementiert. Mittels dieser wird die Darstellung von Schriften erm\u00f6glicht. Durch den Einsatz von Google Web Fonts wird beim Nutzen dieses Angebots ein externer Server von Google in den USA aufgerufen, d.h. Google ist theoretisch \u00fcber die Angebotsnutzung in Kenntnis gesetzt. Weitere datenschutzrechtliche Hinweise sind den Seiten des Anbieters \u201eGoogle\u201c zu entnehmen.<\/p>\n<p><b>Datenschutzerkl\u00e4rung f\u00fcr die Nutzung von JavaScript-Bibliotheken<\/b><\/p>\n<p>Zur Darstellung einiger Elemente sowie f\u00fcr bestimmte in eraktive Funktionen verwendet unsere Website JavaScript-Bibliotheken, die vom Browser als separate Datei heruntergeladen werden. Diese JavaScript-Bibliotheken sind sehr weit verbreitet und werden von vielen Websites im Internet verwendet. Wir haben daher die verwendeten JavaScript-Bibliotheken nicht auf unserem Server abgelegt, sondern verwenden identische Dateien, die von einem Content Delivery Network (CDN) bereitgestellt werden. Da die meisten Websites, die die gleichen JavaScript-Bibliotheken verwenden, auch dasselbe CDN nutzen, hat dies f\u00fcr Sie den Vorteil, dass Websites schneller geladen und angezeigt werden k\u00f6nnen, denn sobald auch nur eine andere von Ihnen besuchte Website dieselbe JavaScript-Bibliothek verwendet, muss der Browser diese Datei nicht noch einmal aus dem Internet abrufen, sondern kann die bereits abgerufene und zwischengespeicherte Datei weiter verwenden. Das ist insbesondere beim Aufruf von Websites mit Mobilger\u00e4ten ein gro\u00dfer Vorteil.<\/p>\n<p>Allerdings hat die Einbindung von JavaScript-Bibliotheken \u00fcber ein CDN zur Folge, dass beim Aufruf der Website auch Daten von einem Server des CDN-Betreibers abgerufen werden, womit dieser Server und damit auch dessen Betreiber zumindest Kenntnis von Ihrer IP-Adresse erlangt. Ohne Ihre IP-Adresse k\u00f6nnte der Server n\u00e4mlich die jeweilige JavaScript-Bibliothek nicht an Ihren Browser senden, weswegen die IP-Adresse f\u00fcr den Abruf der JavaScript-Datei erforderlich ist.<\/p>\n<p>Au\u00dferdem erf\u00e4hrt der CDN-Server und dessen Betreiber in der Regel auch, dass Sie die JavaScript-Datei \u00fcber unsere Website aufgerufen haben sowie einige technische Angaben \u00fcber Ihren Browser, da fast jeder Webbrowser diese Daten bei jedem Aufruf automatisch an den Server sendet. Einige Browser erlauben es, die an den Server \u00fcbermittelten Daten einzuschr\u00e4nken oder zu modifizieren, doch ob dies m\u00f6glich ist, h\u00e4ngt vom Hersteller des Browsers ab. Auch wenn der CDN-Betreiber die \u00fcbermittelten Informationen, insbesondere die IP-Adresse nur zur Auslieferung der abgerufenen Inhalte ben\u00f6tigt, entzieht es sich unserer Kenntnis und unserem Einfluss, ob und inwieweit der Betreiber diese Informationen auch statistisch auswertet oder speichert.<\/p>\n<p><b>Datenschutzerkl\u00e4rung f\u00fcr die Nutzung von YouTube<\/b><\/p>\n<p>Unsere Webseite nutzt Plugins der von Google betriebenen Seite YouTube. Betreiber der Seiten ist die YouTube, LLC, 901 Cherry Ave., San Bruno, CA 94066, USA. Wenn Sie eine unserer mit einem YouTube-Plugin ausgestatteten Seiten besuchen, wird eine Verbindung zu den Servern von YouTube hergestellt. Dabei wird dem Youtube-Server mitgeteilt, welche unserer Seiten Sie besucht haben.<\/p>\n<p>Wenn Sie in Ihrem YouTube-Account eingeloggt sind erm\u00f6glichen Sie YouTube, Ihr Surfverhalten direkt Ihrem pers\u00f6nlichen Profil zuzuordnen. Dies k\u00f6nnen Sie verhindern, indem Sie sich aus Ihrem YouTube-Account ausloggen.<\/p>\n<p>Weitere Informationen zum Umgang von Nutzerdaten finden Sie in der Datenschutzerkl\u00e4rung von YouTube unter: https:\/\/www.google.de\/intl\/de\/policies\/privacy<\/p>\n<p><b>Verwendung von Google Maps<\/b><\/p>\n<p>Diese Website nutzt zur visuellen Darstellung von Kartenmaterial die \u201eGoogle Maps API\u201c des Unternehmens Google Inc. (Google). Bei der Nutzung von Google Maps werden von Google auch Daten \u00fcber die Nutzung der Maps-Funktionen durch Besucher der Webseiten erhoben, verarbeitet und genutzt. Die Nutzungsbedingungen f\u00fcr Google Maps finden Sie unter Nutzungsbedingungen f\u00fcr Google Maps. Weitere Informationen zu den Datenschutzrichtlinien von Google finden Sie unter: https:\/\/www.google.com\/intl\/de\/policies\/privacy\/.<\/p>\n<p>Kommentarfunktion auf dieser Webseite<\/p>\n<p>F\u00fcr die Kommentarfunktion auf dieser Seite werden neben Ihrem Kommentar auch Angaben zum Zeitpunkt der Erstellung des Kommentars, Ihre E-Mail-Adresse und, wenn Sie nicht anonym posten, der von Ihnen gew\u00e4hlte Nutzername gespeichert.<\/p>\n<p><b>Speicherung der IP Adresse<\/b><\/p>\n<p>Unsere Kommentarfunktion speichert die IP-Adressen der Nutzer, die Kommentare verfassen. Da wir Kommentare auf unserer Seite nicht vor der Freischaltung pr\u00fcfen, ben\u00f6tigen wir diese Daten, um im Falle von Rechtsverletzungen wie Beleidigungen oder Propaganda gegen den Verfasser vorgehen zu k\u00f6nnen.<\/p>\n<p><b>Abonnieren von Kommentaren<\/b><\/p>\n<p>Als Nutzer der Seite k\u00f6nnen Sie nach einer Anmeldung Kommentare abonnieren. Sie erhalten eine Best\u00e4tigungsemail, um zu pr\u00fcfen, ob Sie der Inhaber der angegebenen E-Mail-Adresse sind. Sie k\u00f6nnen diese Funktion jederzeit \u00fcber einen Link in den Info-Mails abbestellen.<\/p>\n<p><b>SSL-Verschl\u00fcsselung<\/b><\/p>\n<p>Diese Seite nutzt aus Gr\u00fcnden der Sicherheit und zum Schutz der \u00dcbertragung vertraulicher Inhalte, wie zum Beispiel der Anfragen, die Sie an uns als Seitenbetreiber senden, eine SSL-Verschl\u00fcsselung. Eine verschl\u00fcsselte Verbindung erkennen Sie daran, dass die Adresszeile des Browsers von \u201ehttp:\/\/\u201c auf \u201ehttps:\/\/\u201c wechselt und an dem Schloss-Symbol in Ihrer Browserzeile.<\/p>\n<p>Wenn die SSL Verschl\u00fcsselung aktiviert ist, k\u00f6nnen die Daten, die Sie an uns \u00fcbermitteln, nicht von Dritten mitgelesen werden.<\/p>\n<p><b>Auskunft, L\u00f6schung, Sperrung<\/b><\/p>\n<p>Sie haben jederzeit das Recht auf unentgeltliche Auskunft \u00fcber Ihre gespeicherten personenbezogenen Daten, deren Herkunft und Empf\u00e4nger und den Zweck der Datenverarbeitung sowie ein Recht auf Berichtigung, Sperrung oder L\u00f6schung dieser Daten. Hierzu sowie zu weiteren Fragen zum Thema personenbezogene Daten k\u00f6nnen Sie sich jederzeit unter der im Impressum angegebenen Adresse an uns wenden.<\/p>\n<p><b>Angepasste Version. Quelle u.A.: eRecht24<\/b><\/p>\n","protected":false},"excerpt":{"rendered":"<p>Datenschutzerkl\u00e4rung Die Betreiber dieser Seiten nehmen den Schutz Ihrer pers\u00f6nlichen Daten sehr ernst. Wir behandeln Ihre personenbezogenen Daten vertraulich und entsprechend der gesetzlichen Datenschutzvorschriften sowie dieser Datenschutzerkl\u00e4rung. Die Nutzung unserer Webseite ist in der Regel ohne Angabe personenbezogener Daten m\u00f6glich. Soweit auf unseren Seiten personenbezogene Daten (beispielsweise Name, Anschrift oder E-Mail-Adressen) erhoben werden, erfolgt dies, [&hellip;]<\/p>\n","protected":false},"author":3,"featured_media":0,"parent":0,"menu_order":0,"comment_status":"closed","ping_status":"closed","template":"","meta":{"ngg_post_thumbnail":0,"footnotes":""},"class_list":["post-2931","page","type-page","status-publish","hentry"],"_links":{"self":[{"href":"https:\/\/wernerkaiser.com\/pictureartwork\/hp-wp\/wp-json\/wp\/v2\/pages\/2931","targetHints":{"allow":["GET"]}}],"collection":[{"href":"https:\/\/wernerkaiser.com\/pictureartwork\/hp-wp\/wp-json\/wp\/v2\/pages"}],"about":[{"href":"https:\/\/wernerkaiser.com\/pictureartwork\/hp-wp\/wp-json\/wp\/v2\/types\/page"}],"author":[{"embeddable":true,"href":"https:\/\/wernerkaiser.com\/pictureartwork\/hp-wp\/wp-json\/wp\/v2\/users\/3"}],"replies":[{"embeddable":true,"href":"https:\/\/wernerkaiser.com\/pictureartwork\/hp-wp\/wp-json\/wp\/v2\/comments?post=2931"}],"version-history":[{"count":4,"href":"https:\/\/wernerkaiser.com\/pictureartwork\/hp-wp\/wp-json\/wp\/v2\/pages\/2931\/revisions"}],"predecessor-version":[{"id":2935,"href":"https:\/\/wernerkaiser.com\/pictureartwork\/hp-wp\/wp-json\/wp\/v2\/pages\/2931\/revisions\/2935"}],"wp:attachment":[{"href":"https:\/\/wernerkaiser.com\/pictureartwork\/hp-wp\/wp-json\/wp\/v2\/media?parent=2931"}],"curies":[{"name":"wp","href":"https:\/\/api.w.org\/{rel}","templated":true}]}}